{"id":7178,"date":"2020-07-14T08:48:06","date_gmt":"2020-07-14T08:48:06","guid":{"rendered":"https:\/\/globaltronix.com\/catalogue\/products\/commax-door-camera-drc-40dk-drc-41dk\/"},"modified":"2020-08-06T08:29:55","modified_gmt":"2020-08-06T08:29:55","slug":"commax-door-camera-drc-40dk-drc-41dk","status":"publish","type":"product","link":"https:\/\/globaltronix.com\/catalogue\/products\/commax-door-camera-drc-40dk-drc-41dk\/","title":{"rendered":"COMMAX DOOR CAMERA DRC-40DK\/DRC-41DK"},"content":{"rendered":"<p>Power source: 12VD\/1A(Adaptor), Operation Temp.: -40\u2103 ~ +40\u2103, Wiring: 4 wires to a monitor, 2 wires to the DOOR 1, 3 wires to DOOR 2(non-polarity), Minimum Illumination: 0.1Lux (up to 300mm), Lighting: Built-in white LED (3 pie) 2 EA, Imaging angle: 110\u00b0diagonal, Camera viewing angle: Hotiz. 75\u00b0 Vert.55\u00b0<br \/>\nDistance: 28m(\u00d80.5 UTP), Dimension(mm): DRC-40DK: 127(W)\u00d7193(H)\u00d754(D), DRC-41DK: 127(W)\u00d7193(H)\u00d763(D)<\/p>\n","protected":false},"excerpt":{"rendered":"<p><strong>MODEL NO: DRC-40DK\/DRC-41DK<\/strong><\/p>\n<p>\u20222 Door open camera (CDV-70KR3\/70AR3 Connectable)<\/p>\n<p>\u20223 way access (PW, RF Card, Videophone)<\/p>\n<p>\u2022Enter the password using 10 key<\/p>\n<p>\u2022illuminance sensor<\/p>\n<p>\u2022Outdoor model<\/p>\n<p>\u2022Housecall and talk<\/p>\n<p>\u2022Motion detection (PIR)<\/p>\n<p>\u2022DRC-40DK: Wall-mounted type<\/p>\n<p>\u2022DRC-41DK: Built-in type<\/p>\n","protected":false},"featured_media":9281,"template":"","meta":{"_monsterinsights_skip_tracking":false,"_monsterinsights_sitenote_active":false,"_monsterinsights_sitenote_note":"","_monsterinsights_sitenote_category":0},"_links":{"self":[{"href":"https:\/\/globaltronix.com\/catalogue\/wp-json\/wp\/v2\/product\/7178"}],"collection":[{"href":"https:\/\/globaltronix.com\/catalogue\/wp-json\/wp\/v2\/product"}],"about":[{"href":"https:\/\/globaltronix.com\/catalogue\/wp-json\/wp\/v2\/types\/product"}],"version-history":[{"count":3,"href":"https:\/\/globaltronix.com\/catalogue\/wp-json\/wp\/v2\/product\/7178\/revisions"}],"predecessor-version":[{"id":8162,"href":"https:\/\/globaltronix.com\/catalogue\/wp-json\/wp\/v2\/product\/7178\/revisions\/8162"}],"wp:featuredmedia":[{"embeddable":true,"href":"https:\/\/globaltronix.com\/catalogue\/wp-json\/wp\/v2\/media\/9281"}],"wp:attachment":[{"href":"https:\/\/globaltronix.com\/catalogue\/wp-json\/wp\/v2\/media?parent=7178"}],"curies":[{"name":"wp","href":"https:\/\/api.w.org\/{rel}","templated":true}]}}