{"id":7176,"date":"2020-07-14T08:48:06","date_gmt":"2020-07-14T08:48:06","guid":{"rendered":"https:\/\/globaltronix.com\/catalogue\/products\/commax-door-camera-drc-4cgn2\/"},"modified":"2020-08-06T08:26:52","modified_gmt":"2020-08-06T08:26:52","slug":"commax-door-camera-drc-4cgn2","status":"publish","type":"product","link":"https:\/\/globaltronix.com\/catalogue\/products\/commax-door-camera-drc-4cgn2\/","title":{"rendered":"COMMAX DOOR CAMERA DRC-4CGN2"},"content":{"rendered":"<p>Power source: 12V(From monitor), Operation Temp.: -40\u2103~+40\u2103, Wiring: 4 wires, Minimum: 0.1Lux (up to 300mm), Lighting: Built-in white LED (3pie) 2 EA, Camera view angle: Horizontal: 68\u00b0\/ Vertical: 55\u00b0, Distance: 50m(0.65\u00d8), Dimension(mm): 87(W)\u00d7120(H)\u00d720(D)<\/p>\n","protected":false},"excerpt":{"rendered":"<p><strong>MODEL NO: DRC-4CGN2<\/strong><\/p>\n<p>\u2022Illuminance sensor<\/p>\n<p>\u2022Out door model<\/p>\n<p>\u2022Wall-mounted type<\/p>\n<p>\u2022House call and talk<\/p>\n<p>\u2022Built-in white LED<\/p>\n","protected":false},"featured_media":9280,"template":"","meta":{"_monsterinsights_skip_tracking":false,"_monsterinsights_sitenote_active":false,"_monsterinsights_sitenote_note":"","_monsterinsights_sitenote_category":0},"_links":{"self":[{"href":"https:\/\/globaltronix.com\/catalogue\/wp-json\/wp\/v2\/product\/7176"}],"collection":[{"href":"https:\/\/globaltronix.com\/catalogue\/wp-json\/wp\/v2\/product"}],"about":[{"href":"https:\/\/globaltronix.com\/catalogue\/wp-json\/wp\/v2\/types\/product"}],"version-history":[{"count":3,"href":"https:\/\/globaltronix.com\/catalogue\/wp-json\/wp\/v2\/product\/7176\/revisions"}],"predecessor-version":[{"id":8164,"href":"https:\/\/globaltronix.com\/catalogue\/wp-json\/wp\/v2\/product\/7176\/revisions\/8164"}],"wp:featuredmedia":[{"embeddable":true,"href":"https:\/\/globaltronix.com\/catalogue\/wp-json\/wp\/v2\/media\/9280"}],"wp:attachment":[{"href":"https:\/\/globaltronix.com\/catalogue\/wp-json\/wp\/v2\/media?parent=7176"}],"curies":[{"name":"wp","href":"https:\/\/api.w.org\/{rel}","templated":true}]}}