{"id":7172,"date":"2020-07-14T08:48:06","date_gmt":"2020-07-14T08:48:06","guid":{"rendered":"https:\/\/globaltronix.com\/catalogue\/products\/commax-door-camera-drc-40k\/"},"modified":"2020-08-06T08:24:07","modified_gmt":"2020-08-06T08:24:07","slug":"commax-door-camera-drc-40k","status":"publish","type":"product","link":"https:\/\/globaltronix.com\/catalogue\/products\/commax-door-camera-drc-40k\/","title":{"rendered":"COMMAX DOOR CAMERA DRC-40K"},"content":{"rendered":"<p>Power source: 12V(From monitor), Operation Temp.: -40\u2103~+40\u2103, Wiring: 4 wires, Camera view angle: Horizontal 75\u00b0\/ Vertical 55\u00b0, Distance: 50m (\u00d80.65), Dimension(mm): 96(W)\u00d7155(H)\u00d732(D)<\/p>\n","protected":false},"excerpt":{"rendered":"<p><strong>MODEL NO: DRC-40K<\/strong><\/p>\n<p>\u2022Illuminance sensor<\/p>\n<p>\u2022Out door model<\/p>\n<p>\u2022Wall-mounted type<\/p>\n<p>\u2022House call and talk<\/p>\n<p>\u2022Built-in white LED<\/p>\n","protected":false},"featured_media":9278,"template":"","meta":{"_monsterinsights_skip_tracking":false,"_monsterinsights_sitenote_active":false,"_monsterinsights_sitenote_note":"","_monsterinsights_sitenote_category":0},"_links":{"self":[{"href":"https:\/\/globaltronix.com\/catalogue\/wp-json\/wp\/v2\/product\/7172"}],"collection":[{"href":"https:\/\/globaltronix.com\/catalogue\/wp-json\/wp\/v2\/product"}],"about":[{"href":"https:\/\/globaltronix.com\/catalogue\/wp-json\/wp\/v2\/types\/product"}],"version-history":[{"count":3,"href":"https:\/\/globaltronix.com\/catalogue\/wp-json\/wp\/v2\/product\/7172\/revisions"}],"predecessor-version":[{"id":8163,"href":"https:\/\/globaltronix.com\/catalogue\/wp-json\/wp\/v2\/product\/7172\/revisions\/8163"}],"wp:featuredmedia":[{"embeddable":true,"href":"https:\/\/globaltronix.com\/catalogue\/wp-json\/wp\/v2\/media\/9278"}],"wp:attachment":[{"href":"https:\/\/globaltronix.com\/catalogue\/wp-json\/wp\/v2\/media?parent=7172"}],"curies":[{"name":"wp","href":"https:\/\/api.w.org\/{rel}","templated":true}]}}